{"id":8299,"date":"2023-08-12T23:06:19","date_gmt":"2023-08-12T21:06:19","guid":{"rendered":"https:\/\/paleostressmanagement.com\/?page_id=8299"},"modified":"2023-12-05T14:49:04","modified_gmt":"2023-12-05T13:49:04","slug":"videos-sobre-el-manejo-del-estres","status":"publish","type":"page","link":"https:\/\/paleostressmanagement.com\/es\/stress-management-videos\/","title":{"rendered":"V\u00eddeos sobre el manejo del estr\u00e9s del m\u00e9todo Chill-Out"},"content":{"rendered":"<p>En su b\u00fasqueda de la tranquilidad, hemos trazado una hoja de ruta con <strong>12 m\u00f3dulos de contenido de v\u00eddeo<\/strong>Consid\u00e9relo su GPS de confianza en el complejo paisaje del estr\u00e9s. \u00bfEst\u00e1 listo para echar un vistazo? \u00a1Recorramos cada estaci\u00f3n!<\/p>\n\n\n\n<h2 class=\"wp-block-heading\" id=\"why-stress-management-videos-a-boon-for-students\"><strong>\u00bfPor qu\u00e9 los v\u00eddeos sobre el manejo del estr\u00e9s son una bendici\u00f3n para los estudiantes?<\/strong><\/h2>\n\n\n\n<p>En la era digital, los v\u00eddeos han revolucionado nuestra forma de aprender, y <a href=\"https:\/\/paleostressmanagement.com\/es\/los-mejores-dispositivos-de-estimulacion-del-nervio-vago\/\">Manejo del estr\u00e9s<\/a> no es una excepci\u00f3n. Para los estudiantes, he aqu\u00ed por qu\u00e9 tienen un valor incalculable:<\/p>\n\n\n\n<ul class=\"wp-block-list\">\n<li><strong>Aprendizaje visual<\/strong>:Muchos estudiantes encuentran que las ayudas visuales tienen mayor impacto. Los videos pueden <strong>Ilustrar conceptos complejos<\/strong>, haci\u00e9ndolos f\u00e1cilmente digeribles.<\/li>\n\n\n\n<li><strong>Flexibilidad<\/strong>: Rebobinar, pausar, reproducir: \u00a1aprender a tu propio ritmo! Ya sea que est\u00e9s estudiando a altas horas de la noche o repasando a primera hora de la ma\u00f1ana, puedes acceder a los videos cuando los necesites.<\/li>\n\n\n\n<li><strong>Comprensi\u00f3n hol\u00edstica<\/strong>:A trav\u00e9s de ejemplos de la vida real y opiniones de expertos, los videos ofrecen una <strong>Vista de 360 grados<\/strong> del manejo del estr\u00e9s.<\/li>\n\n\n\n<li><strong>Interactivo y atractivo<\/strong>:Adm\u00edtelo, leer textos largos puede resultar aburrido. Los v\u00eddeos aportan interactividad, lo que garantiza que te mantengas enganchado y absorbas m\u00e1s.<\/li>\n\n\n\n<li><strong>Pr\u00e1cticas en tiempo real<\/strong>:Observa, practica y domina las t\u00e9cnicas al mismo tiempo. \u00a1Es como tener un entrenador personal para aliviar el estr\u00e9s a tu disposici\u00f3n!<\/li>\n<\/ul>\n\n\n\n<p>Now, armed with the &#8220;why&#8221;, let\u2019s dive into the &#8220;what&#8221; of our course.<\/p>\n\n\n\n<h2 class=\"wp-block-heading\" id=\"module-insights-and-benefits\"><strong>Informaci\u00f3n y beneficios del m\u00f3dulo<\/strong><\/h2>\n\n\n\n<figure class=\"wp-block-table\"><table><thead><tr><th><strong>M\u00f3dulo<\/strong><\/th><th><strong>Descripci\u00f3n<\/strong><\/th><\/tr><\/thead><tbody><tr><td><strong>M\u00f3dulo 1<\/strong>:C\u00f3mo afecta el estr\u00e9s a tu cuerpo<\/td><td>Descubra la compleja relaci\u00f3n entre el estr\u00e9s y nuestro cuerpo. Al final, conocer\u00e1 \u00edntimamente c\u00f3mo el cerebro, el sistema nervioso e incluso el misterioso nervio vago desempe\u00f1an papeles fundamentales. Adem\u00e1s, desmitificaremos la l\u00ednea que separa el estr\u00e9s de la ansiedad.<\/td><\/tr><tr><td><strong>M\u00f3dulo 2<\/strong>:Medidas objetivas y subjetivas del estr\u00e9s<\/td><td>\u00bfAlguna vez te preguntaste c\u00f3mo se manifiesta el estr\u00e9s? Presentaremos herramientas como la variabilidad de la frecuencia card\u00edaca (VFC) y profundizaremos en los matices de la medici\u00f3n del estr\u00e9s, tanto desde dentro como desde fuera.<\/td><\/tr><tr><td><strong>M\u00f3dulo 3<\/strong>: Simplifying Life&#8217;s Hurdles<\/td><td>Aqu\u00ed dominar\u00e1s el arte de centrarte en los aspectos esenciales de la vida y de utilizar eficazmente el diario para despejar tu mente. Al fin y al cabo, la paz empieza en el interior.<\/td><\/tr><tr><td><strong>M\u00f3dulo 4<\/strong>:La magia de la respiraci\u00f3n<\/td><td>Respira profundamente. \u00a1Vamos a profundizar en la mec\u00e1nica del proceso! Descubre c\u00f3mo unos cambios sencillos en la respiraci\u00f3n pueden ser tu arma secreta contra el estr\u00e9s.<\/td><\/tr><tr><td><strong>M\u00f3dulo 5<\/strong>:Color y aroma: un aliado olvidado<\/td><td>Sum\u00e9rgete en el mundo de los colores y los aromas y su innegable efecto en tu estado de \u00e1nimo y niveles de estr\u00e9s. \u00bfAlguien quiere lavanda?<\/td><\/tr><tr><td><strong>M\u00f3dulo 6<\/strong>:Abrazando el fr\u00edo<\/td><td>S\u00ed, \u00a1ha le\u00eddo bien! Experimente de primera mano c\u00f3mo la exposici\u00f3n controlada al fr\u00edo puede ser estimulante y reducir el estr\u00e9s.<\/td><\/tr><tr><td><strong>M\u00f3dulo 7<\/strong>:El poder de hacer una pausa<\/td><td>A veces, lo m\u00e1s valiente es descansar. Conoce la ciencia que hay detr\u00e1s de los descansos y sus efectos revitalizantes.<\/td><\/tr><tr><td><strong>M\u00f3dulo 8<\/strong>:Eres lo que comes<\/td><td>Profundice en las profundas conexiones entre los nutrientes, las intolerancias alimentarias y el estr\u00e9s. Adem\u00e1s, \u00bfalguna vez pens\u00f3 en el papel que desempe\u00f1a la cafe\u00edna? \u00a1Lo tenemos cubierto!<\/td><\/tr><tr><td><strong>M\u00f3dulo 9<\/strong>:Dormir: el bot\u00f3n de reinicio definitivo<\/td><td>Master the realms of deep, restorative sleep. With our guidance, you&#8217;ll be out like a light, waking up refreshed!<\/td><\/tr><tr><td><strong>M\u00f3dulo 10<\/strong>: Exercise: The Body&#8217;s Stress Release Valve<\/td><td>We&#8217;ll guide you through the most effective exercises tailored to kick stress out of the park.<\/td><\/tr><tr><td><strong>M\u00f3dulo 11<\/strong>: Afrontar los grandes retos de la vida<\/td><td>Aborda los acontecimientos m\u00e1s profundos de tu vida y \u00e1rmate con estrategias como la terapia cognitivo conductual y la terapia conductual activa. Adem\u00e1s, obt\u00e9n informaci\u00f3n exclusiva sobre aplicaciones \u00fatiles para la salud mental.<\/td><\/tr><tr><td><strong>M\u00f3dulo 12<\/strong>:Su plan de manejo del estr\u00e9s<\/td><td>Terminamos con una revisi\u00f3n completa y te presentamos tres caminos personalizados: Manejo del estr\u00e9s paleo ligero, normal e intenso. \u00a1T\u00fa eliges!<\/td><\/tr><\/tbody><\/table><\/figure>\n\n\n\n<h2 class=\"wp-block-heading\" id=\"conclusion\"><strong>Conclusi\u00f3n<\/strong><\/h2>\n\n\n\n<p>Our course isn\u2019t just videos\u2014it&#8217;s a transformative voyage. So, what&#8217;s holding you back? Invest in your mental health, hop on this journey, and mold a serene, balanced version of yourself, starting today!<\/p>\n\n\n\n<h2 class=\"wp-block-heading\" id=\"sample-videos-from-the-stress-masterclass\">V\u00eddeos de muestra de la Masterclass sobre el estr\u00e9s<\/h2>\n\n\n\n<p>A continuaci\u00f3n se muestran tres videos de muestra de <a href=\"https:\/\/paleostressmanagement.com\/es\/curso-de-estres-metodo-chill-out\/\" data-type=\"page\" data-id=\"3250\">Curso Chill Out Method<\/a>Para ver todos los videos gratuitos, visita mi <a href=\"https:\/\/youtube.com\/playlist?list=PLgu7pg4pi-0FuUuCF1bQCwyirFqQdvEJC\" target=\"_blank\" rel=\"noopener\">Lista de reproducci\u00f3n de YouTube sobre manejo del estr\u00e9s paleol\u00edtico<\/a>.<\/p>\n\n\n\n<figure class=\"wp-block-embed is-type-video is-provider-youtube wp-block-embed-youtube wp-embed-aspect-16-9 wp-has-aspect-ratio\"><div class=\"wp-block-embed__wrapper\">\n<iframe title=\"Los efectos del estr\u00e9s en el cerebro\" width=\"1440\" height=\"810\" src=\"https:\/\/www.youtube.com\/embed\/lKXtq62_VyU?feature=oembed\" frameborder=\"0\" allow=\"accelerometer; autoplay; clipboard-write; encrypted-media; gyroscope; picture-in-picture; web-share\" allowfullscreen><\/iframe>\n<\/div><\/figure>\n\n\n\n<figure class=\"wp-block-embed is-type-video is-provider-youtube wp-block-embed-youtube wp-embed-aspect-16-9 wp-has-aspect-ratio\"><div class=\"wp-block-embed__wrapper\">\n<iframe title=\"C\u00f3mo medir el estr\u00e9s objetivamente\" width=\"1440\" height=\"810\" src=\"https:\/\/www.youtube.com\/embed\/e1b2PLP4yYc?feature=oembed\" frameborder=\"0\" allow=\"accelerometer; autoplay; clipboard-write; encrypted-media; gyroscope; picture-in-picture; web-share\" allowfullscreen><\/iframe>\n<\/div><\/figure>\n\n\n\n<figure class=\"wp-block-embed is-type-video is-provider-youtube wp-block-embed-youtube wp-embed-aspect-16-9 wp-has-aspect-ratio\"><div class=\"wp-block-embed__wrapper\">\n<iframe title=\"Gesti\u00f3n del tiempo: centrarse en las cosas importantes\" width=\"1440\" height=\"810\" src=\"https:\/\/www.youtube.com\/embed\/1svK3nHYI2w?feature=oembed\" frameborder=\"0\" allow=\"accelerometer; autoplay; clipboard-write; encrypted-media; gyroscope; picture-in-picture; web-share\" allowfullscreen><\/iframe>\n<\/div><\/figure>\n\n\n\n<div style=\"height:20px\" aria-hidden=\"true\" class=\"wp-block-spacer\"><\/div>","protected":false},"excerpt":{"rendered":"<p>Descubra c\u00f3mo los videos de gesti\u00f3n del estr\u00e9s pueden revolucionar su aprendizaje y ayudarlo a lograr la tranquilidad. Nuestra hoja de ruta ofrece 12 m\u00f3dulos \u00fatiles para estudiantes.<\/p>","protected":false},"author":1,"featured_media":12841,"parent":0,"menu_order":0,"comment_status":"closed","ping_status":"closed","template":"no-title","meta":{"iawp_total_views":5,"footnotes":""},"class_list":["post-8299","page","type-page","status-publish","has-post-thumbnail","hentry"],"blocksy_meta":[],"featured_image_src":"https:\/\/paleostressmanagement.com\/wp-content\/uploads\/2023\/12\/Course-videos.png","_links":{"self":[{"href":"https:\/\/paleostressmanagement.com\/es\/wp-json\/wp\/v2\/pages\/8299","targetHints":{"allow":["GET"]}}],"collection":[{"href":"https:\/\/paleostressmanagement.com\/es\/wp-json\/wp\/v2\/pages"}],"about":[{"href":"https:\/\/paleostressmanagement.com\/es\/wp-json\/wp\/v2\/types\/page"}],"author":[{"embeddable":true,"href":"https:\/\/paleostressmanagement.com\/es\/wp-json\/wp\/v2\/users\/1"}],"replies":[{"embeddable":true,"href":"https:\/\/paleostressmanagement.com\/es\/wp-json\/wp\/v2\/comments?post=8299"}],"version-history":[{"count":0,"href":"https:\/\/paleostressmanagement.com\/es\/wp-json\/wp\/v2\/pages\/8299\/revisions"}],"wp:featuredmedia":[{"embeddable":true,"href":"https:\/\/paleostressmanagement.com\/es\/wp-json\/wp\/v2\/media\/12841"}],"wp:attachment":[{"href":"https:\/\/paleostressmanagement.com\/es\/wp-json\/wp\/v2\/media?parent=8299"}],"curies":[{"name":"Gracias","href":"https:\/\/api.w.org\/{rel}","templated":true}]}}