{"id":5745,"date":"2023-04-30T09:38:42","date_gmt":"2023-04-30T07:38:42","guid":{"rendered":"https:\/\/paleostressmanagement.com\/?page_id=5745"},"modified":"2023-12-08T20:49:00","modified_gmt":"2023-12-08T19:49:00","slug":"empieza-aqui","status":"publish","type":"page","link":"https:\/\/paleostressmanagement.com\/es\/start-here\/","title":{"rendered":"Comience su viaje con la gesti\u00f3n del estr\u00e9s paleol\u00edtico"},"content":{"rendered":"<p>Es probable que hayas visitado este sitio porque sufres de estr\u00e9s, estr\u00e9s cr\u00f3nico o incluso ansiedad y est\u00e1s buscando formas de encontrar alivio, preferiblemente r\u00e1pido y duradero, y no tienes el tiempo ni la paciencia para leer todos los art\u00edculos de este sitio web para encontrar lo que buscas.<\/p>\n\n\n\n<p class=\"has-text-align-center\"><strong><em>He estado all\u00ed\u2026<\/em><\/strong><\/p>\n\n\n\n<p>Por eso he creado esta p\u00e1gina como punto de partida para guiarte hacia lo que necesitas ahora mismo. Cuando te sientas perdido en tu b\u00fasqueda, no dudes en volver a esta p\u00e1gina para obtener algunas indicaciones sobre d\u00f3nde ir a continuaci\u00f3n.<\/p>\n\n\n\n<h2 class=\"wp-block-heading\" id=\"step-1-search-the-site\">Paso 1: Busca en el sitio<\/h2>\n\n\n<div style=\"background-color: #d9edf7; color: #31708f; border-left-color: #31708f; \" class=\"ub-styled-box ub-notification-box wp-block-ub-styled-box\" id=\"ub-styled-box-8db8f46e-674a-48ae-98bd-3d71400005ec\">\n<p id=\"ub-styled-box-notification-content-\">La forma m\u00e1s r\u00e1pida de encontrar lo que busca es mediante la barra de b\u00fasqueda del men\u00fa superior. Escriba las palabras clave relevantes para su consulta y busque los art\u00edculos relacionados con ella en este sitio web. O escr\u00edbalas aqu\u00ed:<\/p>\n\n\n<\/div>\n\n<form role=\"search\" method=\"get\" action=\"https:\/\/paleostressmanagement.com\/es\/\" class=\"wp-block-search__button-outside wp-block-search__text-button wp-block-search\" data-trp-original-action=\"https:\/\/paleostressmanagement.com\/es\/\"    ><label class=\"wp-block-search__label screen-reader-text\" for=\"wp-block-search__input-1\" >Buscar<\/label><div class=\"wp-block-search__inside-wrapper\" ><input class=\"wp-block-search__input\" id=\"wp-block-search__input-1\" placeholder=\"\u00bfQu\u00e9 est\u00e1s buscando?\" value=\"\" type=\"search\" name=\"s\" required style=\"border-width: 2px\"\/><button aria-label=\"Buscar\" class=\"wp-block-search__button wp-element-button\" type=\"submit\"  style=\"border-width: 2px\">Buscar<\/button><\/div><input type=\"hidden\" name=\"trp-form-language\" value=\"es\"\/><\/form>\n\n\n<h2 class=\"wp-block-heading\" id=\"step-2-topics-and-tags\">Paso 2: Temas y etiquetas<\/h2>\n\n\n<div style=\"background-color: #d9edf7; color: #31708f; border-left-color: #31708f; \" class=\"ub-styled-box ub-notification-box wp-block-ub-styled-box\" id=\"ub-styled-box-311adcb7-4ca4-4133-b676-f1781a9a665f\">\n<p id=\"ub-styled-box-notification-content-\">Si busca informaci\u00f3n sobre temas relacionados con el estr\u00e9s, como las causas del estr\u00e9s, los s\u00edntomas del estr\u00e9s, etc., visite las secciones pertinentes de este sitio web para encontrar muchos art\u00edculos sobre esos temas espec\u00edficos. Las p\u00e1ginas principales de los temas enumerar\u00e1n los art\u00edculos m\u00e1s recientes y proporcionar\u00e1n un enlace a la p\u00e1gina de archivo de temas donde podr\u00e1 encontrar <em><strong>todo <\/strong><\/em>Art\u00edculos para ese tema.<\/p>\n\n\n<\/div>\n\n\n<p>Estos son los temas actuales:<\/p>\n\n\n<ul class=\"wp-block-categories-list is-style-default wp-block-categories\">\t<li class=\"cat-item cat-item-266\"><a href=\"https:\/\/paleostressmanagement.com\/es\/category\/apps-and-resources\/\">Aplicaciones y recursos<\/a>\n<\/li>\n\t<li class=\"cat-item cat-item-262\"><a href=\"https:\/\/paleostressmanagement.com\/es\/category\/causes-of-stress\/\">Causas del estr\u00e9s<\/a>\n<\/li>\n\t<li class=\"cat-item cat-item-264\"><a href=\"https:\/\/paleostressmanagement.com\/es\/category\/coping-strategies\/\">Estrategias de afrontamiento<\/a>\n<\/li>\n\t<li class=\"cat-item cat-item-272\"><a href=\"https:\/\/paleostressmanagement.com\/es\/category\/measuring-stress\/\">Medici\u00f3n del estr\u00e9s<\/a>\n<\/li>\n\t<li class=\"cat-item cat-item-358\"><a href=\"https:\/\/paleostressmanagement.com\/es\/category\/news\/\">Noticias<\/a>\n<\/li>\n\t<li class=\"cat-item cat-item-263\"><a href=\"https:\/\/paleostressmanagement.com\/es\/category\/symptoms-of-stress\/\">S\u00edntomas del estr\u00e9s<\/a>\n<\/li>\n\t<li class=\"cat-item cat-item-1\"><a href=\"https:\/\/paleostressmanagement.com\/es\/category\/uncategorized\/\">Sin categorizar<\/a>\n<\/li>\n\t<li class=\"cat-item cat-item-261\"><a href=\"https:\/\/paleostressmanagement.com\/es\/category\/what-is-stress\/\">\u00bfQu\u00e9 es el estr\u00e9s?<\/a>\n<\/li>\n<\/ul>\n\n\n<p>Dentro de esos temas, tambi\u00e9n encontrar\u00e1 enlaces a etiquetas relacionadas con el tema. Por ejemplo, si visita el tema Causas del estr\u00e9s, encontrar\u00e1 etiquetas como <a href=\"https:\/\/paleostressmanagement.com\/es\/estres-financiero\/\">Estr\u00e9s financiero<\/a>, Estr\u00e9s en la salud, estr\u00e9s en el trabajo, etc. Haga clic en los enlaces de las etiquetas en caso de que est\u00e9 especialmente interesado en un \u00e1rea espec\u00edfica que le gustar\u00eda investigar m\u00e1s a fondo.<\/p>\n\n\n\n<p>O seleccione una de la nube de etiquetas a continuaci\u00f3n:<\/p>\n\n\n<p class=\"wp-block-tag-cloud\"><a href=\"https:\/\/paleostressmanagement.com\/es\/tag\/academic-stress\/\" class=\"tag-cloud-link tag-link-338 tag-link-position-1\" style=\"font-size: 9.44pt;\" aria-label=\"Estr\u00e9s acad\u00e9mico (2 elementos)\">Estr\u00e9s acad\u00e9mico<\/a>\n<a href=\"https:\/\/paleostressmanagement.com\/es\/tag\/behavioral-symptoms-of-stress\/\" class=\"tag-cloud-link tag-link-290 tag-link-position-2\" style=\"font-size: 10.4pt;\" aria-label=\"S\u00edntomas conductuales del estr\u00e9s (3 elementos)\">S\u00edntomas conductuales del estr\u00e9s<\/a>\n<a href=\"https:\/\/paleostressmanagement.com\/es\/tag\/books-and-literature\/\" class=\"tag-cloud-link tag-link-299 tag-link-position-3\" style=\"font-size: 8pt;\" aria-label=\"Libros y literatura (1 elemento)\">Libros y literatura<\/a>\n<a href=\"https:\/\/paleostressmanagement.com\/es\/tag\/breathing-methods\/\" class=\"tag-cloud-link tag-link-302 tag-link-position-4\" style=\"font-size: 13.2pt;\" aria-label=\"M\u00e9todos de respiraci\u00f3n (8 elementos)\">M\u00e9todos de respiraci\u00f3n<\/a>\n<a href=\"https:\/\/paleostressmanagement.com\/es\/tag\/coaching-and-mentoring\/\" class=\"tag-cloud-link tag-link-296 tag-link-position-5\" style=\"font-size: 8pt;\" aria-label=\"Coaching y mentoring (1 elemento)\">Coaching y mentor\u00eda<\/a>\n<a href=\"https:\/\/paleostressmanagement.com\/es\/tag\/cold-exposure\/\" class=\"tag-cloud-link tag-link-304 tag-link-position-6\" style=\"font-size: 15.44pt;\" aria-label=\"Exposici\u00f3n al fr\u00edo (16 elementos)\">Exposici\u00f3n al fr\u00edo<\/a>\n<a href=\"https:\/\/paleostressmanagement.com\/es\/tag\/color-and-scent\/\" class=\"tag-cloud-link tag-link-303 tag-link-position-7\" style=\"font-size: 9.44pt;\" aria-label=\"Color y aroma (2 elementos)\">Color y aroma<\/a>\n<a href=\"https:\/\/paleostressmanagement.com\/es\/tag\/digital-detox\/\" class=\"tag-cloud-link tag-link-350 tag-link-position-8\" style=\"font-size: 8pt;\" aria-label=\"Desintoxicaci\u00f3n digital (1 elemento)\">Desintoxicaci\u00f3n digital<\/a>\n<a href=\"https:\/\/paleostressmanagement.com\/es\/tag\/downloads\/\" class=\"tag-cloud-link tag-link-326 tag-link-position-9\" style=\"font-size: 12.8pt;\" aria-label=\"Descargas (7 elementos)\">Descargas<\/a>\n<a href=\"https:\/\/paleostressmanagement.com\/es\/tag\/emotional-symptoms-of-stress\/\" class=\"tag-cloud-link tag-link-289 tag-link-position-10\" style=\"font-size: 10.4pt;\" aria-label=\"S\u00edntomas emocionales del estr\u00e9s (3 elementos)\">S\u00edntomas emocionales del estr\u00e9s<\/a>\n<a href=\"https:\/\/paleostressmanagement.com\/es\/tag\/exercise\/\" class=\"tag-cloud-link tag-link-307 tag-link-position-11\" style=\"font-size: 9.44pt;\" aria-label=\"Ejercicio (2 elementos)\">Ejercicio<\/a>\n<a href=\"https:\/\/paleostressmanagement.com\/es\/tag\/existential-stress\/\" class=\"tag-cloud-link tag-link-341 tag-link-position-12\" style=\"font-size: 8pt;\" aria-label=\"Estr\u00e9s existencial (1 elemento)\">Estr\u00e9s existencial<\/a>\n<a href=\"https:\/\/paleostressmanagement.com\/es\/tag\/financial-stress\/\" class=\"tag-cloud-link tag-link-279 tag-link-position-13\" style=\"font-size: 8pt;\" aria-label=\"Estr\u00e9s financiero (1 elemento)\">Estr\u00e9s financiero<\/a>\n<a href=\"https:\/\/paleostressmanagement.com\/es\/tag\/health-stress\/\" class=\"tag-cloud-link tag-link-281 tag-link-position-14\" style=\"font-size: 8pt;\" aria-label=\"Estr\u00e9s por salud (1 elemento)\">Estr\u00e9s por salud<\/a>\n<a href=\"https:\/\/paleostressmanagement.com\/es\/tag\/hobbies-and-leisure\/\" class=\"tag-cloud-link tag-link-312 tag-link-position-15\" style=\"font-size: 8pt;\" aria-label=\"Hobbies y ocio (1 elemento)\">Pasatiempos y ocio<\/a>\n<a href=\"https:\/\/paleostressmanagement.com\/es\/tag\/journaling-and-self-reflection\/\" class=\"tag-cloud-link tag-link-311 tag-link-position-16\" style=\"font-size: 9.44pt;\" aria-label=\"Diario personal y autorreflexi\u00f3n (2 elementos)\">Diario y autorreflexi\u00f3n<\/a>\n<a href=\"https:\/\/paleostressmanagement.com\/es\/tag\/mental-health-apps\/\" class=\"tag-cloud-link tag-link-300 tag-link-position-17\" style=\"font-size: 8pt;\" aria-label=\"Aplicaciones de salud mental (1 elemento)\">Aplicaciones de salud mental<\/a>\n<a href=\"https:\/\/paleostressmanagement.com\/es\/tag\/mkbu4p\/\" class=\"tag-cloud-link tag-link-356 tag-link-position-18\" style=\"font-size: 19.28pt;\" aria-label=\"mkbu4p (50 elementos)\">mkbu4p<\/a>\n<a href=\"https:\/\/paleostressmanagement.com\/es\/tag\/nervous-system\/\" class=\"tag-cloud-link tag-link-342 tag-link-position-19\" style=\"font-size: 8pt;\" aria-label=\"Sistema nervioso (1 elemento)\">Sistema nervioso<\/a>\n<a href=\"https:\/\/paleostressmanagement.com\/es\/tag\/nutrition\/\" class=\"tag-cloud-link tag-link-305 tag-link-position-20\" style=\"font-size: 10.4pt;\" aria-label=\"Nutrici\u00f3n (3 elementos)\">Nutrici\u00f3n<\/a>\n<a href=\"https:\/\/paleostressmanagement.com\/es\/tag\/online-support-resources\/\" class=\"tag-cloud-link tag-link-298 tag-link-position-21\" style=\"font-size: 9.44pt;\" aria-label=\"Recursos de soporte en l\u00ednea (2 elementos)\">Recursos de soporte en l\u00ednea<\/a>\n<a href=\"https:\/\/paleostressmanagement.com\/es\/tag\/personality-tests\/\" class=\"tag-cloud-link tag-link-348 tag-link-position-22\" style=\"font-size: 15.84pt;\" aria-label=\"Tests de personalidad (18 elementos)\">Pruebas de personalidad<\/a>\n<a href=\"https:\/\/paleostressmanagement.com\/es\/tag\/physical-symptoms-of-stress\/\" class=\"tag-cloud-link tag-link-288 tag-link-position-23\" style=\"font-size: 13.6pt;\" aria-label=\"S\u00edntomas f\u00edsicos del estr\u00e9s (9 elementos)\">S\u00edntomas f\u00edsicos del estr\u00e9s<\/a>\n<a href=\"https:\/\/paleostressmanagement.com\/es\/tag\/product-reviews\/\" class=\"tag-cloud-link tag-link-333 tag-link-position-24\" style=\"font-size: 18.72pt;\" aria-label=\"Rese\u00f1as de productos (43 elementos)\">Rese\u00f1as de productos<\/a>\n<a href=\"https:\/\/paleostressmanagement.com\/es\/tag\/product-roundups\/\" class=\"tag-cloud-link tag-link-332 tag-link-position-25\" style=\"font-size: 15.68pt;\" aria-label=\"Res\u00famenes de productos (17 elementos)\">Res\u00famenes de productos<\/a>\n<a href=\"https:\/\/paleostressmanagement.com\/es\/tag\/relationship-stress\/\" class=\"tag-cloud-link tag-link-280 tag-link-position-26\" style=\"font-size: 8pt;\" aria-label=\"Estr\u00e9s en las relaciones (1 elemento)\">Estr\u00e9s en las relaciones<\/a>\n<a href=\"https:\/\/paleostressmanagement.com\/es\/tag\/relaxation-techniques\/\" class=\"tag-cloud-link tag-link-310 tag-link-position-27\" style=\"font-size: 22pt;\" aria-label=\"T\u00e9cnicas de relajaci\u00f3n (111 elementos)\">T\u00e9cnicas de relajaci\u00f3n<\/a>\n<a href=\"https:\/\/paleostressmanagement.com\/es\/tag\/sleep\/\" class=\"tag-cloud-link tag-link-306 tag-link-position-28\" style=\"font-size: 14.8pt;\" aria-label=\"Dormir (13 elementos)\">Dormir<\/a>\n<a href=\"https:\/\/paleostressmanagement.com\/es\/tag\/sleep-tracking-devices\/\" class=\"tag-cloud-link tag-link-351 tag-link-position-29\" style=\"font-size: 10.4pt;\" aria-label=\"Dispositivos de seguimiento del sue\u00f1o (3 elementos)\">Dispositivos de seguimiento del sue\u00f1o<\/a>\n<a href=\"https:\/\/paleostressmanagement.com\/es\/tag\/social-stress\/\" class=\"tag-cloud-link tag-link-340 tag-link-position-30\" style=\"font-size: 8pt;\" aria-label=\"Estr\u00e9s social (1 elemento)\">Estr\u00e9s social<\/a>\n<a href=\"https:\/\/paleostressmanagement.com\/es\/tag\/social-support\/\" class=\"tag-cloud-link tag-link-354 tag-link-position-31\" style=\"font-size: 8pt;\" aria-label=\"Apoyo social (1 elemento)\">Apoyo social<\/a>\n<a href=\"https:\/\/paleostressmanagement.com\/es\/tag\/stress-biomarkers\/\" class=\"tag-cloud-link tag-link-349 tag-link-position-32\" style=\"font-size: 10.4pt;\" aria-label=\"Biomarcadores del estr\u00e9s (3 elementos)\">Biomarcadores del estr\u00e9s<\/a>\n<a href=\"https:\/\/paleostressmanagement.com\/es\/tag\/stress-questionnaires\/\" class=\"tag-cloud-link tag-link-346 tag-link-position-33\" style=\"font-size: 12.4pt;\" aria-label=\"Cuestionarios de estr\u00e9s (6 elementos)\">Cuestionarios de estr\u00e9s<\/a>\n<a href=\"https:\/\/paleostressmanagement.com\/es\/tag\/stress-response\/\" class=\"tag-cloud-link tag-link-343 tag-link-position-34\" style=\"font-size: 9.44pt;\" aria-label=\"Respuesta al estr\u00e9s (2 elementos)\">Respuesta al estr\u00e9s<\/a>\n<a href=\"https:\/\/paleostressmanagement.com\/es\/tag\/stress-statistics\/\" class=\"tag-cloud-link tag-link-345 tag-link-position-35\" style=\"font-size: 8pt;\" aria-label=\"Estad\u00edsticas de estr\u00e9s (1 elemento)\">Estad\u00edsticas de estr\u00e9s<\/a>\n<a href=\"https:\/\/paleostressmanagement.com\/es\/tag\/stress-symptoms-in-men\/\" class=\"tag-cloud-link tag-link-353 tag-link-position-36\" style=\"font-size: 8pt;\" aria-label=\"S\u00edntomas de estr\u00e9s en los hombres (1 elemento)\">S\u00edntomas de estr\u00e9s en los hombres<\/a>\n<a href=\"https:\/\/paleostressmanagement.com\/es\/tag\/stress-symptoms-in-women\/\" class=\"tag-cloud-link tag-link-352 tag-link-position-37\" style=\"font-size: 8pt;\" aria-label=\"S\u00edntomas de estr\u00e9s en mujeres (1 elemento)\">S\u00edntomas de estr\u00e9s en las mujeres<\/a>\n<a href=\"https:\/\/paleostressmanagement.com\/es\/tag\/stress-tracking-devices\/\" class=\"tag-cloud-link tag-link-347 tag-link-position-38\" style=\"font-size: 17.04pt;\" aria-label=\"Dispositivos de seguimiento del estr\u00e9s (26 elementos)\">Dispositivos de seguimiento del estr\u00e9s<\/a>\n<a href=\"https:\/\/paleostressmanagement.com\/es\/tag\/supplements\/\" class=\"tag-cloud-link tag-link-313 tag-link-position-39\" style=\"font-size: 12.4pt;\" aria-label=\"Suplementos (6 elementos)\">Suplementos<\/a>\n<a href=\"https:\/\/paleostressmanagement.com\/es\/tag\/therapy-based-approaches\/\" class=\"tag-cloud-link tag-link-308 tag-link-position-40\" style=\"font-size: 11.84pt;\" aria-label=\"Enfoques terap\u00e9uticos (5 elementos)\">Enfoques basados en la terapia<\/a>\n<a href=\"https:\/\/paleostressmanagement.com\/es\/tag\/time-management\/\" class=\"tag-cloud-link tag-link-301 tag-link-position-41\" style=\"font-size: 13.2pt;\" aria-label=\"Gesti\u00f3n del tiempo (8 elementos)\">Gesti\u00f3n del tiempo<\/a>\n<a href=\"https:\/\/paleostressmanagement.com\/es\/tag\/types-of-stress\/\" class=\"tag-cloud-link tag-link-284 tag-link-position-42\" style=\"font-size: 14.48pt;\" aria-label=\"Tipos de estr\u00e9s (12 elementos)\">Tipos de estr\u00e9s<\/a>\n<a href=\"https:\/\/paleostressmanagement.com\/es\/tag\/vagus-nerve\/\" class=\"tag-cloud-link tag-link-344 tag-link-position-43\" style=\"font-size: 8pt;\" aria-label=\"Nervio vago (1 elemento)\">Nervio vago<\/a>\n<a href=\"https:\/\/paleostressmanagement.com\/es\/tag\/wearables-and-gadgets\/\" class=\"tag-cloud-link tag-link-322 tag-link-position-44\" style=\"font-size: 9.44pt;\" aria-label=\"Dispositivos wearables y gadgets (2 elementos)\">Dispositivos port\u00e1tiles y gadgets<\/a>\n<a href=\"https:\/\/paleostressmanagement.com\/es\/tag\/work-stress\/\" class=\"tag-cloud-link tag-link-337 tag-link-position-45\" style=\"font-size: 8pt;\" aria-label=\"Estr\u00e9s laboral (1 elemento)\">Estr\u00e9s laboral<\/a><\/p>\n\n\n<h2 class=\"wp-block-heading\" id=\"step-3-stress-quiz\">Paso 3: Prueba de estr\u00e9s<\/h2>\n\n\n<div style=\"background-color: #d9edf7; color: #31708f; border-left-color: #31708f; \" class=\"ub-styled-box ub-notification-box wp-block-ub-styled-box\" id=\"ub-styled-box-314e2534-ea26-4eee-bf13-f822e1ca40af\">\n<p id=\"ub-styled-box-notification-content-\">En caso de que te preguntes si tu nivel de estr\u00e9s actual est\u00e1 fuera de lo normal, puedes visitar nuestra <a href=\"https:\/\/paleostressmanagement.com\/es\/stress-quiz\/\" data-type=\"page\" data-id=\"1125\">Descripci\u00f3n general de los cuestionarios sobre estr\u00e9s<\/a> Para obtener una indicaci\u00f3n de su estado actual, existen numerosos cuestionarios de estr\u00e9s validados cient\u00edficamente que puede realizar, seg\u00fan cu\u00e1l le resulte m\u00e1s atractivo. Le indicar\u00e1n si se encuentra bien, si experimenta niveles elevados de estr\u00e9s o si existen se\u00f1ales de que sufre demasiado estr\u00e9s.<\/p>\n\n\n<\/div>\n\n\n<h2 class=\"wp-block-heading\" id=\"step-4-courses\">Paso 4: Cursos<\/h2>\n\n\n<div style=\"background-color: #d9edf7; color: #31708f; border-left-color: #31708f; \" class=\"ub-styled-box ub-notification-box wp-block-ub-styled-box\" id=\"ub-styled-box-4b3ffe0c-58aa-466b-81e9-8e5f9794e671\">\n<p id=\"ub-styled-box-notification-content-\">Si no desea leer todos los art\u00edculos de este sitio web, y mucho menos todo lo que pueda encontrar en Internet, y solo busca que alguien lo gu\u00ede para llegar a un mejor lugar, puede inscribirse en uno de nuestros cursos. Hay un curso gratuito, <a href=\"https:\/\/paleostressmanagement.com\/es\/curso-de-estres-sobre-los-conceptos-basicos-de-la-relajacion\/\" data-type=\"page\" data-id=\"3216\">Conceptos b\u00e1sicos para relajarse<\/a>, que te ense\u00f1ar\u00e1 qu\u00e9 es el estr\u00e9s, c\u00f3mo se manifiesta en tu cuerpo y cerebro, c\u00f3mo puedes medirlo para identificar sus desencadenantes y c\u00f3mo dar tus primeros pasos hacia el alivio.<\/p>\n\n\n<\/div>\n\n\n<p>Cuando est\u00e9s listo para enfrentar tu estr\u00e9s de una vez por todas, puedes inscribirte en nuestro curso de clase magistral: <a href=\"https:\/\/paleostressmanagement.com\/es\/curso-de-estres-metodo-chill-out\/\" data-type=\"page\" data-id=\"3250\">Chill Out Method<\/a>Este es un programa guiado de 10 semanas en el que aprender\u00e1 todo sobre las t\u00e9cnicas de manejo del estr\u00e9s paleol\u00edtico para controlar sus niveles de estr\u00e9s. Es un curso en video a su propio ritmo que le explicar\u00e1 muchas soluciones diferentes que no le llevar\u00e1n mucho tiempo ni dinero, pero que son <strong>muy <\/strong>eficaz.<\/p>\n\n\n\n<p>Si quieres hacerte una idea del contenido de estos cursos, puedes visitar el <a href=\"https:\/\/paleostressmanagement.com\/es\/videos-sobre-el-manejo-del-estres\/\" data-type=\"page\" data-id=\"8299\">V\u00eddeos del curso<\/a> secci\u00f3n de este sitio web.<\/p>\n\n\n\n<p>\u00a1Cu\u00eddate!<\/p>\n\n\n\n<figure class=\"wp-block-image size-full is-resized\"><img decoding=\"async\" width=\"521\" height=\"104\" src=\"https:\/\/paleostressmanagement.com\/wp-content\/uploads\/2023\/01\/Signature.png\" alt=\"\" class=\"wp-image-1998\" style=\"width:261px;height:52px\" srcset=\"https:\/\/paleostressmanagement.com\/wp-content\/uploads\/2023\/01\/Signature.png 521w, https:\/\/paleostressmanagement.com\/wp-content\/uploads\/2023\/01\/Signature-300x60.png 300w, https:\/\/paleostressmanagement.com\/wp-content\/uploads\/2023\/01\/Signature-18x4.png 18w\" sizes=\"(max-width: 521px) 100vw, 521px\" \/><\/figure>","protected":false},"excerpt":{"rendered":"<p>Chances are that you visited this site because you suffer from stress, chronic stress, or even anxiety and are looking for ways to find relief, preferably fast and long-lasting. And you do not have the time or patience to go through all the articles on this website to find what you are looking for. I [&hellip;]<\/p>\n","protected":false},"author":1,"featured_media":12839,"parent":0,"menu_order":0,"comment_status":"closed","ping_status":"closed","template":"","meta":{"iawp_total_views":24,"footnotes":""},"class_list":["post-5745","page","type-page","status-publish","has-post-thumbnail","hentry"],"blocksy_meta":[],"featured_image_src":"https:\/\/paleostressmanagement.com\/wp-content\/uploads\/2023\/12\/Start-here.png","_links":{"self":[{"href":"https:\/\/paleostressmanagement.com\/es\/wp-json\/wp\/v2\/pages\/5745","targetHints":{"allow":["GET"]}}],"collection":[{"href":"https:\/\/paleostressmanagement.com\/es\/wp-json\/wp\/v2\/pages"}],"about":[{"href":"https:\/\/paleostressmanagement.com\/es\/wp-json\/wp\/v2\/types\/page"}],"author":[{"embeddable":true,"href":"https:\/\/paleostressmanagement.com\/es\/wp-json\/wp\/v2\/users\/1"}],"replies":[{"embeddable":true,"href":"https:\/\/paleostressmanagement.com\/es\/wp-json\/wp\/v2\/comments?post=5745"}],"version-history":[{"count":0,"href":"https:\/\/paleostressmanagement.com\/es\/wp-json\/wp\/v2\/pages\/5745\/revisions"}],"wp:featuredmedia":[{"embeddable":true,"href":"https:\/\/paleostressmanagement.com\/es\/wp-json\/wp\/v2\/media\/12839"}],"wp:attachment":[{"href":"https:\/\/paleostressmanagement.com\/es\/wp-json\/wp\/v2\/media?parent=5745"}],"curies":[{"name":"Gracias","href":"https:\/\/api.w.org\/{rel}","templated":true}]}}