{"id":510,"date":"2022-10-24T13:52:00","date_gmt":"2022-10-24T11:52:00","guid":{"rendered":"https:\/\/paleostressmanagement.com\/?page_id=510"},"modified":"2024-03-22T14:16:35","modified_gmt":"2024-03-22T13:16:35","slug":"acerca-de-mi","status":"publish","type":"page","link":"https:\/\/paleostressmanagement.com\/es\/about-me\/","title":{"rendered":"Conozca m\u00e1s sobre mi trayectoria y experiencia"},"content":{"rendered":"<div class=\"wp-block-group is-layout-constrained wp-container-core-group-is-layout-4e222474 wp-block-group-is-layout-constrained\">\n<figure class=\"wp-block-image alignleft size-full\"><img decoding=\"async\" width=\"200\" height=\"280\" src=\"https:\/\/paleostressmanagement.com\/wp-content\/uploads\/2023\/01\/Alex.jpg\" alt=\"Alex Reijnierse\" class=\"wp-image-2055\"\/><\/figure>\n\n\n\n<p>De pie en medio de una oficina bulliciosa con m\u00e1s de 50 empleados, responsables de infraestructuras de TI en 70 pa\u00edses, me encontraba en el epicentro de las operaciones globales. Pero debajo de esta fachada corporativa, mi coraz\u00f3n se aceleraba y la ansiedad oprim\u00eda mis pensamientos a diario. Fue entonces cuando me di cuenta de que ten\u00eda que recuperar el control, no solo por mi propio bien, sino por el de innumerables personas que luchaban en silencio contra el mismo monstruo\u201d.<\/p>\n\n\n\n<p>En la penumbra de mi habitaci\u00f3n, pas\u00e9 incontables noches buscando en Internet, aferr\u00e1ndome a cada consejo sobre c\u00f3mo manejar el estr\u00e9s. Una de esas noches, me top\u00e9 con un m\u00e9todo muy elogiado y me invadi\u00f3 la esperanza, pero se hizo a\u00f1icos cuando empeor\u00f3 mis s\u00edntomas en lugar de aliviarlos. Pero cada ca\u00edda fue una lecci\u00f3n, cada m\u00e9todo fallido, un empuj\u00f3n hacia una soluci\u00f3n.<\/p>\n\n\n\n<p>Mi camino dio un giro cuando tuve que cuidar a mis padres enfermos en medio de importantes acontecimientos vitales que se prolongaron a lo largo de los a\u00f1os. Estos desaf\u00edos personales amplificaron mi b\u00fasqueda; no se trataba solo del estr\u00e9s laboral, sino del estr\u00e9s de la vida, el tipo de estr\u00e9s que persiste mucho despu\u00e9s de que las circunstancias cambian.<\/p>\n\n\n\n<p>Estoy seguro de que muchos de ustedes han sentido ese estr\u00e9s cr\u00f3nico. Ese estado de alerta constante en el que <a href=\"https:\/\/paleostressmanagement.com\/es\/tecnicas-de-relajacion\/\">relajaci\u00f3n<\/a> seems like a distant dream. Perhaps, like me, you&#8217;ve felt the desperation, the need for a solution, one that isn\u2019t based on hearsay but concrete evidence.<\/p>\n\n\n\n<p>Como licenciado en Ingenier\u00eda El\u00e9ctrica y Telecomunicaciones, mi mente anal\u00edtica buscaba respuestas cient\u00edficas. No solo buscaba sentirme mejor, buscaba resultados mensurables. Llev\u00f3 tiempo, a\u00f1os, de hecho, pero cada descubrimiento, cada m\u00e9todo que parec\u00eda prometedor, era una luz al final de un largo t\u00fanel. Es algo que creo fervientemente que deber\u00eda ser una lecci\u00f3n en nuestras escuelas, una armadura temprana contra una batalla milenaria.<\/p>\n\n\n\n<p>Mi objetivo final con Paleo <a href=\"https:\/\/paleostressmanagement.com\/es\/los-mejores-dispositivos-de-estimulacion-del-nervio-vago\/\">Manejo del estr\u00e9s<\/a> is to empower you with knowledge about stress&#8217;s profound effects on our lives and the pragmatic, scientifically validated coping mechanisms to tackle it. However, education doesn&#8217;t always have to be dry. As I explain the science and intricacies of stress management, expect a generous sprinkle of humor to make the journey less daunting and more enjoyable.<\/p>\n\n\n\n<p>Mi curso de clase magistral, \u201c<a href=\"https:\/\/paleostressmanagement.com\/es\/curso-de-estres-metodo-chill-out\/\" data-type=\"page\" data-id=\"3250\">Chill Out Method<\/a>\u201c, condensa estos a\u00f1os de pruebas, tribulaciones y triunfos. He transformado mi dolor en un faro para los dem\u00e1s, para ahorrarte el tiempo y el dolor que yo sufr\u00ed. Recuerda: no est\u00e1s solo. Yo he estado all\u00ed y ahora estoy aqu\u00ed para guiarte. <\/p>\n\n\n\n<p>Por nuevos comienzos y una vida sin estr\u00e9s.<\/p>\n\n\n\n<p style=\"font-size:14px\"><em>Es fundamental reconocer que si bien este sitio ofrece recursos valiosos para controlar el estr\u00e9s, no est\u00e1 dise\u00f1ado para abordar problemas de salud mental m\u00e1s graves, como el trastorno de estr\u00e9s postraum\u00e1tico (TEPT), los trastornos de ansiedad o la depresi\u00f3n. <\/em><\/p>\n\n\n\n<p style=\"font-size:14px\"><em>Si bien las t\u00e9cnicas de manejo del estr\u00e9s pueden ayudar a la recuperaci\u00f3n, no deben considerarse la soluci\u00f3n principal para estas afecciones. Si enfrenta estos desaf\u00edos, es fundamental buscar el asesoramiento y el tratamiento de un profesional de la salud mental calificado. <\/em><\/p>\n\n\n\n<figure class=\"wp-block-image\"><img decoding=\"async\" src=\"https:\/\/paleostressmanagement.com\/wp-content\/uploads\/2023\/01\/Signature-300x60.png\" alt=\"\"\/><\/figure>\n\n\n\n<p><a href=\"https:\/\/www.linkedin.com\/in\/alexreijnierse\/\" target=\"_blank\" rel=\"noreferrer noopener\">https:\/\/www.linkedin.com\/in\/alexreijnierse\/<\/a><\/p>\n<\/div>","protected":false},"excerpt":{"rendered":"<p>Standing amidst a buzzing office of over 50 staff members, responsible for IT infrastructures in 70 countries, I was at the epicenter of global operations. But beneath this corporate fa\u00e7ade, my heart raced, and anxiety clenched my thoughts daily. That&#8217;s when I realized \u2013 I had to regain control, not just for my sake but [&hellip;]<\/p>\n","protected":false},"author":1,"featured_media":12836,"parent":0,"menu_order":0,"comment_status":"closed","ping_status":"closed","template":"","meta":{"iawp_total_views":22,"footnotes":""},"class_list":["post-510","page","type-page","status-publish","has-post-thumbnail","hentry"],"blocksy_meta":[],"featured_image_src":"https:\/\/paleostressmanagement.com\/wp-content\/uploads\/2023\/12\/Alex-Reijnierse-background.png","_links":{"self":[{"href":"https:\/\/paleostressmanagement.com\/es\/wp-json\/wp\/v2\/pages\/510","targetHints":{"allow":["GET"]}}],"collection":[{"href":"https:\/\/paleostressmanagement.com\/es\/wp-json\/wp\/v2\/pages"}],"about":[{"href":"https:\/\/paleostressmanagement.com\/es\/wp-json\/wp\/v2\/types\/page"}],"author":[{"embeddable":true,"href":"https:\/\/paleostressmanagement.com\/es\/wp-json\/wp\/v2\/users\/1"}],"replies":[{"embeddable":true,"href":"https:\/\/paleostressmanagement.com\/es\/wp-json\/wp\/v2\/comments?post=510"}],"version-history":[{"count":0,"href":"https:\/\/paleostressmanagement.com\/es\/wp-json\/wp\/v2\/pages\/510\/revisions"}],"wp:featuredmedia":[{"embeddable":true,"href":"https:\/\/paleostressmanagement.com\/es\/wp-json\/wp\/v2\/media\/12836"}],"wp:attachment":[{"href":"https:\/\/paleostressmanagement.com\/es\/wp-json\/wp\/v2\/media?parent=510"}],"curies":[{"name":"Gracias","href":"https:\/\/api.w.org\/{rel}","templated":true}]}}