{"id":481,"date":"2022-10-24T13:38:19","date_gmt":"2022-10-24T11:38:19","guid":{"rendered":"https:\/\/paleostressmanagement.com\/?page_id=481"},"modified":"2024-07-19T15:12:42","modified_gmt":"2024-07-19T13:12:42","slug":"politica-de-privacidad","status":"publish","type":"page","link":"https:\/\/paleostressmanagement.com\/es\/privacy-policy\/","title":{"rendered":"pol\u00edtica de privacidad"},"content":{"rendered":"<p><em>Esta Pol\u00edtica de privacidad se actualiz\u00f3 por \u00faltima vez el 19 de julio de 2024<\/em><\/p>\n\n\n\n<p>AR Initiatives, propietario de paleostressmanagement.com, es responsable del procesamiento de datos personales como se muestra en esta declaraci\u00f3n de privacidad.<\/p>\n\n\n\n<p><strong>Datos de contacto:<\/strong><br>Unidad E0224<br>Calle Zink 24<br>4823 d.C. <br>Breda<br>Pa\u00edses Bajos<\/p>\n\n\n\n<h2 class=\"wp-block-heading\" id=\"1-personal-data-that-we-process\">1. Datos personales que procesamos<\/h2>\n\n\n\n<p>AR Initiatives procesa sus datos personales porque usted utiliza nuestros servicios y\/o porque usted mismo nos los proporciona. A continuaci\u00f3n, encontrar\u00e1 una descripci\u00f3n general de los datos personales que procesamos:<\/p>\n\n\n\n<p><em>Nombre y apellido<\/em><br><em>Direcci\u00f3n de correo electr\u00f3nico<\/em><br><em>Direcci\u00f3n IP<\/em><br><em>Informaci\u00f3n sobre sus actividades en nuestro sitio web<\/em><br><em>Navegador de Internet y tipo de dispositivo<\/em><\/p>\n\n\n\n<h2 class=\"wp-block-heading\" id=\"2-special-and-or-sensitive-personal-data-that-we-process\">2. Datos personales especiales y\/o sensibles que tratamos<\/h2>\n\n\n\n<p>Nuestro sitio web y\/o servicio no pretende recopilar datos sobre visitantes del sitio web que sean menores de 16 a\u00f1os a menos que cuenten con el permiso de sus padres o tutores. Sin embargo, no podemos verificar si un visitante es mayor de 16 a\u00f1os. Por lo tanto, recomendamos a los padres que se involucren en las actividades en l\u00ednea de sus hijos, con el fin de evitar que se recopilen datos sobre ni\u00f1os sin el consentimiento de los padres. Si est\u00e1 convencido de que hemos recopilado informaci\u00f3n personal sobre un menor sin este permiso, comun\u00edquese con nosotros a trav\u00e9s del formulario en la p\u00e1gina Acerca de y eliminaremos esta informaci\u00f3n.<\/p>\n\n\n\n<h2 class=\"wp-block-heading\" id=\"3-for-what-purpose-and-on-what-basis-we-process-personal-data\">3. Con qu\u00e9 finalidad y sobre qu\u00e9 base tratamos los datos personales<\/h2>\n\n\n\n<p>AR Initiatives procesa sus datos personales para los siguientes fines:<\/p>\n\n\n\n<p><em>Env\u00edo de nuestro bolet\u00edn informativo<\/em><br><em>Registrarse en nuestro foro<\/em><br><em>Inscripci\u00f3n a nuestros cursos<\/em><br><em>Manejo de su pago<\/em><br><em>Para ponernos en contacto con usted en caso de que esto sea necesario para poder llevar a cabo nuestros servicios.<\/em><br><em>Para informarle sobre cambios en nuestros servicios y productos<\/em><\/p>\n\n\n\n<h2 class=\"wp-block-heading\" id=\"4-automated-decision-making\">4. Toma de decisiones automatizada<\/h2>\n\n\n\n<p>AR Initiatives no toma decisiones basadas en el procesamiento automatizado sobre asuntos que puedan tener consecuencias (significativas) para las personas.<\/p>\n\n\n\n<h2 class=\"wp-block-heading\" id=\"5-how-long-we-keep-personal-data\">5. Durante cu\u00e1nto tiempo conservamos los datos personales<\/h2>\n\n\n\n<p>AR Initiatives no almacena sus datos personales m\u00e1s tiempo del estrictamente necesario para realizar los fines para los que se recopilan sus datos.<\/p>\n\n\n\n<h2 class=\"wp-block-heading\" id=\"6-sharing-personal-data-with-third-parties\">6. Compartir datos personales con terceros<\/h2>\n\n\n\n<p>AR Initiatives no vende sus datos a terceros y solo los proporcionar\u00e1 si es necesario para la ejecuci\u00f3n de nuestro acuerdo con usted o para cumplir con una obligaci\u00f3n legal.<\/p>\n\n\n\n<h2 class=\"wp-block-heading\" id=\"7-cookies-or-similar-techniques-that-we-use\">7. Cookies, o t\u00e9cnicas similares, que utilizamos<\/h2>\n\n\n\n<p>AR Initiatives utiliza cookies funcionales, anal\u00edticas y de seguimiento. Una cookie es un peque\u00f1o archivo de texto que se almacena en el navegador de su ordenador, tableta o tel\u00e9fono inteligente cuando visita por primera vez este sitio web. AR Initiatives utiliza cookies con una funcionalidad puramente t\u00e9cnica. Estas garantizan que el sitio web funcione correctamente y que, por ejemplo, se recuerden sus configuraciones preferidas. Estas cookies tambi\u00e9n se utilizan para que el sitio web funcione correctamente y para poder optimizarlo. Adem\u00e1s, colocamos cookies que rastrean su comportamiento de navegaci\u00f3n para que podamos ofrecer contenido y anuncios personalizados. En su primera visita a nuestro sitio web, ya le informamos sobre estas cookies y le pedimos su permiso para colocarlas. Puede rechazar las cookies configurando su navegador de Internet para que ya no almacene cookies. Adem\u00e1s, tambi\u00e9n puede eliminar toda la informaci\u00f3n que se haya almacenado previamente a trav\u00e9s de la configuraci\u00f3n de su navegador. Las cookies tambi\u00e9n son colocadas en este sitio web por terceros. Estos son, por ejemplo, anunciantes y \/ o empresas de redes sociales. Consulte nuestra <a href=\"https:\/\/paleostressmanagement.com\/es\/politica-de-cookies\/\">Pol\u00edtica de cookies<\/a> Para m\u00e1s detalles.<\/p>\n\n\n\n<p><em>Nos asociamos con Microsoft Clarity y Microsoft Advertising para capturar c\u00f3mo usas e interact\u00faas con nuestro sitio web a trav\u00e9s de m\u00e9tricas de comportamiento, mapas de calor y reproducci\u00f3n de sesiones para mejorar y comercializar nuestros productos\/servicios. Los datos de uso del sitio web se capturan mediante cookies propias y de terceros y otras tecnolog\u00edas de seguimiento para determinar la popularidad de los productos\/servicios y la actividad en l\u00ednea. Adem\u00e1s, utilizamos esta informaci\u00f3n para la optimizaci\u00f3n del sitio, con fines de seguridad y prevenci\u00f3n de fraudes y publicidad. Para obtener m\u00e1s informaci\u00f3n sobre c\u00f3mo Microsoft recopila y utiliza tus datos, visita el sitio web de Microsoft.&nbsp;<a href=\"https:\/\/privacy.microsoft.com\/privacystatement\" target=\"_blank\" rel=\"noopener\">Declaraci\u00f3n de privacidad de Microsoft<\/a>.<\/em><\/p>\n\n\n\n<h2 class=\"wp-block-heading\" id=\"8-view-modify-or-delete-data\">8. Ver, modificar o eliminar datos<\/h2>\n\n\n\n<p>Tiene derecho a consultar, corregir o eliminar sus datos personales. Adem\u00e1s, tiene derecho a retirar su consentimiento para el procesamiento de datos u oponerse al procesamiento de sus datos personales por parte de AR Initiatives y tiene derecho a la portabilidad de los datos. Esto significa que puede enviarnos una solicitud para que le enviemos los datos personales que tenemos sobre usted en un archivo inform\u00e1tico a usted o a otra organizaci\u00f3n mencionada por usted. Puede enviar una solicitud de acceso, correcci\u00f3n, eliminaci\u00f3n, transferencia de datos de sus datos personales o una solicitud de retiro de su consentimiento u oposici\u00f3n al procesamiento de sus datos personales completando el formulario de contacto en la p\u00e1gina Acerca de.<\/p>\n\n\n\n<h2 class=\"wp-block-heading\" id=\"9-how-we-protect-personal-data\">9. C\u00f3mo protegemos los datos personales<\/h2>\n\n\n\n<p>AR Initiatives se toma muy en serio la protecci\u00f3n de sus datos y toma las medidas adecuadas para evitar el uso indebido, la p\u00e9rdida, el acceso no autorizado, la divulgaci\u00f3n no deseada y la modificaci\u00f3n no autorizada. Si considera que sus datos no est\u00e1n protegidos adecuadamente o existen indicios de abuso, comun\u00edquese con nosotros a trav\u00e9s del formulario de contacto en la p\u00e1gina Acerca de.<\/p>","protected":false},"excerpt":{"rendered":"<p>This Privacy Policy was last updated on July 19, 2024 AR Initiatives, owner of paleostressmanagement.com is responsible for the processing of personal data as shown in this privacy statement. Contact details:Unit E0224Zinkstraat 244823AD BredaThe Netherlands 1. Personal data that we process AR Initiatives processes your personal data because you use our services and\/or because you [&hellip;]<\/p>\n","protected":false},"author":1,"featured_media":12843,"parent":0,"menu_order":0,"comment_status":"closed","ping_status":"closed","template":"","meta":{"iawp_total_views":4,"footnotes":""},"class_list":["post-481","page","type-page","status-publish","has-post-thumbnail","hentry"],"blocksy_meta":[],"featured_image_src":"https:\/\/paleostressmanagement.com\/wp-content\/uploads\/2023\/12\/Legal-terms.png","_links":{"self":[{"href":"https:\/\/paleostressmanagement.com\/es\/wp-json\/wp\/v2\/pages\/481","targetHints":{"allow":["GET"]}}],"collection":[{"href":"https:\/\/paleostressmanagement.com\/es\/wp-json\/wp\/v2\/pages"}],"about":[{"href":"https:\/\/paleostressmanagement.com\/es\/wp-json\/wp\/v2\/types\/page"}],"author":[{"embeddable":true,"href":"https:\/\/paleostressmanagement.com\/es\/wp-json\/wp\/v2\/users\/1"}],"replies":[{"embeddable":true,"href":"https:\/\/paleostressmanagement.com\/es\/wp-json\/wp\/v2\/comments?post=481"}],"version-history":[{"count":0,"href":"https:\/\/paleostressmanagement.com\/es\/wp-json\/wp\/v2\/pages\/481\/revisions"}],"wp:featuredmedia":[{"embeddable":true,"href":"https:\/\/paleostressmanagement.com\/es\/wp-json\/wp\/v2\/media\/12843"}],"wp:attachment":[{"href":"https:\/\/paleostressmanagement.com\/es\/wp-json\/wp\/v2\/media?parent=481"}],"curies":[{"name":"Gracias","href":"https:\/\/api.w.org\/{rel}","templated":true}]}}