{"id":14741,"date":"2024-01-09T18:52:59","date_gmt":"2024-01-09T17:52:59","guid":{"rendered":"https:\/\/paleostressmanagement.com\/?page_id=14741"},"modified":"2024-07-19T15:13:48","modified_gmt":"2024-07-19T13:13:48","slug":"politica-de-cookies","status":"publish","type":"page","link":"https:\/\/paleostressmanagement.com\/es\/cookie-policy\/","title":{"rendered":"Pol\u00edtica de cookies"},"content":{"rendered":"<p><em>Esta Pol\u00edtica de cookies se actualiz\u00f3 por \u00faltima vez el 19 de julio de 2024 y se aplica a los ciudadanos y residentes legales permanentes del Espacio Econ\u00f3mico Europeo y Suiza.<\/em><\/p>\n\n\n\n<h2 class=\"wp-block-heading\" id=\"1-introduction\">1. Introducci\u00f3n<\/h2>\n\n\n\n<p>Nuestro sitio web,&nbsp;<a href=\"https:\/\/paleostressmanagement.com\/es\/\">https:\/\/paleostressmanagement.com<\/a>&nbsp;(en adelante: \u201cel sitio web\u201d) utiliza cookies y otras tecnolog\u00edas relacionadas (para mayor comodidad, todas las tecnolog\u00edas se denominan \u201ccookies\u201d). Las cookies tambi\u00e9n son colocadas por terceros a los que hemos contratado. En el siguiente documento le informamos sobre el uso de cookies en nuestro sitio web.<\/p>\n\n\n\n<h2 class=\"wp-block-heading\" id=\"2-what-are-cookies\">2. \u00bfQu\u00e9 son las cookies?<\/h2>\n\n\n\n<p>Una cookie es un peque\u00f1o archivo simple que se env\u00eda junto con las p\u00e1ginas de este sitio web y que su navegador almacena en el disco duro de su computadora o de otro dispositivo. La informaci\u00f3n almacenada puede ser devuelta a nuestros servidores o a los servidores de terceros relevantes durante una visita posterior.<\/p>\n\n\n\n<h2 class=\"wp-block-heading\" id=\"3-what-are-scripts\">3. \u00bfQu\u00e9 son los scripts?<\/h2>\n\n\n\n<p>Un script es un fragmento de c\u00f3digo de programa que se utiliza para que nuestro sitio web funcione correctamente y de forma interactiva. Este c\u00f3digo se ejecuta en nuestro servidor o en su dispositivo.<\/p>\n\n\n\n<h2 class=\"wp-block-heading\" id=\"4-what-is-a-web-beacon\">4. \u00bfQu\u00e9 es una baliza web?<\/h2>\n\n\n\n<p>Una baliza web (o etiqueta de p\u00edxel) es un fragmento de texto o imagen peque\u00f1o e invisible que se encuentra en un sitio web y que se utiliza para monitorear el tr\u00e1fico en un sitio web. Para ello, se almacenan varios datos sobre usted mediante balizas web.<\/p>\n\n\n\n<h2 class=\"wp-block-heading\" id=\"5-cookies\">5. Galletas<\/h2>\n\n\n\n<p>5.1 Cookies t\u00e9cnicas o funcionales<\/p>\n\n\n\n<p>Algunas cookies garantizan que ciertas partes del sitio web funcionen correctamente y que tus preferencias de usuario se mantengan registradas. Al colocar cookies funcionales, te facilitamos la visita a nuestro sitio web. De esta manera, no necesitas ingresar repetidamente la misma informaci\u00f3n al visitar nuestro sitio web y, por ejemplo, los art\u00edculos permanecen en tu carrito de compras hasta que hayas pagado. Podemos colocar estas cookies sin tu consentimiento.<\/p>\n\n\n\n<p>5.2 Cookies de estad\u00edsticas<\/p>\n\n\n\n<p>Utilizamos cookies estad\u00edsticas para optimizar la experiencia del usuario en nuestro sitio web. Con estas cookies estad\u00edsticas obtenemos informaci\u00f3n sobre el uso de nuestro sitio web. Te pedimos tu permiso para colocar cookies estad\u00edsticas.<\/p>\n\n\n\n<p>5.3 Cookies de marketing y seguimiento<\/p>\n\n\n\n<p>Las cookies de marketing\/seguimiento son cookies o cualquier otra forma de almacenamiento local, utilizadas para crear perfiles de usuario para mostrar publicidad o para rastrear al usuario en este sitio web o en varios sitios web con fines de marketing similares.<\/p>\n\n\n\n<p>5.4 Medios sociales<\/p>\n\n\n\n<p>En nuestro sitio web, hemos incluido contenido para promocionar p\u00e1ginas web (por ejemplo, \u201cme gusta\u201d, \u201cpin\u201d) o compartir (por ejemplo, \u201ctwittear\u201d) en redes sociales. Este contenido est\u00e1 incrustado con c\u00f3digo derivado de terceros y coloca cookies. Este contenido puede almacenar y procesar cierta informaci\u00f3n para publicidad personalizada.<\/p>\n\n\n\n<p>Por favor, lee la pol\u00edtica de privacidad de estas redes sociales (que puede cambiar con frecuencia) para saber qu\u00e9 hacen con tus datos (personales) que procesan usando estas cookies. Los datos que se recuperan son anonimizados lo m\u00e1ximo posible.<\/p>\n\n\n\n<h2 class=\"wp-block-heading\" id=\"6-placed-cookies\">6. Cookies colocadas<\/h2>\n\n\n\n<ul class=\"wp-block-list\">\n<li>WordPress<\/li>\n\n\n\n<li>An\u00e1lisis de Google<\/li>\n\n\n\n<li>Google reCAPTCHA<\/li>\n\n\n\n<li>YouTube<\/li>\n<\/ul>\n\n\n\n<h2 class=\"wp-block-heading\" id=\"7-consent\">7. Consent<\/h2>\n\n\n\n<p>Cuando visites nuestro sitio web por primera vez, te mostraremos una ventana emergente con una explicaci\u00f3n sobre las cookies. En cuanto hagas clic en &quot;Aceptar&quot;, nos dar\u00e1s tu consentimiento para que usemos todas las cookies y complementos tal y como se describe en la ventana emergente y en esta Pol\u00edtica de cookies. Puedes desactivar el uso de cookies a trav\u00e9s de tu navegador, pero ten en cuenta que es posible que nuestro sitio web deje de funcionar correctamente.<\/p>\n\n\n\n<h2 class=\"wp-block-heading\" id=\"8-enabling-disabling-and-deleting-cookies\">8. Habilitaci\u00f3n, deshabilitaci\u00f3n y eliminaci\u00f3n de cookies<\/h2>\n\n\n\n<p>Puede utilizar su navegador de Internet para eliminar las cookies de forma autom\u00e1tica o manual. Tambi\u00e9n puede especificar que no se coloquen determinadas cookies. Otra opci\u00f3n es cambiar la configuraci\u00f3n de su navegador de Internet para que reciba un mensaje cada vez que se coloque una cookie. Para obtener m\u00e1s informaci\u00f3n sobre estas opciones, consulte las instrucciones de la secci\u00f3n Ayuda de su navegador.<\/p>\n\n\n\n<p>Tenga en cuenta que nuestro sitio web puede no funcionar correctamente si todas las cookies est\u00e1n desactivadas. Si elimina las cookies de su navegador, se volver\u00e1n a colocar despu\u00e9s de su consentimiento cuando vuelva a visitar nuestro sitio web.<\/p>\n\n\n\n<h2 class=\"wp-block-heading\" id=\"9-your-rights-with-respect-to-personal-data\">9. Sus derechos en relaci\u00f3n con los datos personales<\/h2>\n\n\n\n<p>Usted tiene los siguientes derechos con respecto a sus datos personales:<\/p>\n\n\n\n<ul class=\"wp-block-list\">\n<li>Tiene derecho a saber por qu\u00e9 se necesitan sus datos personales, qu\u00e9 pasar\u00e1 con ellos y durante cu\u00e1nto tiempo se conservar\u00e1n.<\/li>\n\n\n\n<li>Derecho de acceso: Usted tiene derecho a acceder a sus datos personales que conocemos.<\/li>\n\n\n\n<li>Derecho de rectificaci\u00f3n: tiene derecho a <a href=\"https:\/\/paleostressmanagement.com\/es\/suplementos-para-reducir-el-estres\/\">suplemento<\/a>, Rectificar, borrar o bloquear sus datos personales siempre que lo desee.<\/li>\n\n\n\n<li>Si nos da su consentimiento para procesar sus datos, tiene derecho a revocar dicho consentimiento y a eliminar sus datos personales.<\/li>\n\n\n\n<li>Derecho a la portabilidad de tus datos: tienes derecho a solicitar al responsable del tratamiento todos tus datos personales y transferirlos \u00edntegramente a otro responsable del tratamiento.<\/li>\n\n\n\n<li>Derecho de oposici\u00f3n: usted puede oponerse al tratamiento de sus datos. Nosotros lo haremos salvo que existan motivos justificados para el tratamiento.<\/li>\n<\/ul>\n\n\n\n<p>A <a href=\"https:\/\/paleostressmanagement.com\/es\/el-ejercicio-como-calmante-del-estres\/\">ejercicio<\/a> Para ejercer estos derechos, p\u00f3ngase en contacto con nosotros. Consulte los detalles de contacto en la parte inferior de esta Pol\u00edtica de cookies. Si tiene alguna queja sobre c\u00f3mo gestionamos sus datos, nos gustar\u00eda que nos la hiciera llegar, pero tambi\u00e9n tiene derecho a presentar una queja ante la autoridad supervisora (la Autoridad de Protecci\u00f3n de Datos).<\/p>\n\n\n\n<h2 class=\"wp-block-heading\" id=\"10-contact-details\">10. Datos de contacto<\/h2>\n\n\n\n<p>Para preguntas y\/o comentarios sobre nuestra Pol\u00edtica de Cookies y esta declaraci\u00f3n, cont\u00e1ctenos utilizando los siguientes datos de contacto:<\/p>\n\n\n\n<p>Iniciativas de RA<br>Unidad E0224<br>Calle Zink 24<br>4823 d. C. Breda<br>Pa\u00edses Bajos<br>Sitio web:&nbsp;<a href=\"https:\/\/paleostressmanagement.com\/es\/\">https:\/\/paleostressmanagement.com<\/a><br>Email:&nbsp;info@paleostressmanagement.com<\/p>","protected":false},"excerpt":{"rendered":"<p>This Cookie Policy was last updated on July 19, 2024 and applies to citizens and legal permanent residents of the European Economic Area and Switzerland. 1. Introduction Our website,&nbsp;https:\/\/paleostressmanagement.com&nbsp;(hereinafter: &#8220;the website&#8221;) uses cookies and other related technologies (for convenience all technologies are referred to as &#8220;cookies&#8221;). Cookies are also placed by third parties we have [&hellip;]<\/p>\n","protected":false},"author":1,"featured_media":12843,"parent":0,"menu_order":0,"comment_status":"closed","ping_status":"closed","template":"","meta":{"iawp_total_views":4,"footnotes":""},"class_list":["post-14741","page","type-page","status-publish","has-post-thumbnail","hentry"],"blocksy_meta":[],"featured_image_src":"https:\/\/paleostressmanagement.com\/wp-content\/uploads\/2023\/12\/Legal-terms.png","_links":{"self":[{"href":"https:\/\/paleostressmanagement.com\/es\/wp-json\/wp\/v2\/pages\/14741","targetHints":{"allow":["GET"]}}],"collection":[{"href":"https:\/\/paleostressmanagement.com\/es\/wp-json\/wp\/v2\/pages"}],"about":[{"href":"https:\/\/paleostressmanagement.com\/es\/wp-json\/wp\/v2\/types\/page"}],"author":[{"embeddable":true,"href":"https:\/\/paleostressmanagement.com\/es\/wp-json\/wp\/v2\/users\/1"}],"replies":[{"embeddable":true,"href":"https:\/\/paleostressmanagement.com\/es\/wp-json\/wp\/v2\/comments?post=14741"}],"version-history":[{"count":0,"href":"https:\/\/paleostressmanagement.com\/es\/wp-json\/wp\/v2\/pages\/14741\/revisions"}],"wp:featuredmedia":[{"embeddable":true,"href":"https:\/\/paleostressmanagement.com\/es\/wp-json\/wp\/v2\/media\/12843"}],"wp:attachment":[{"href":"https:\/\/paleostressmanagement.com\/es\/wp-json\/wp\/v2\/media?parent=14741"}],"curies":[{"name":"Gracias","href":"https:\/\/api.w.org\/{rel}","templated":true}]}}